{"id":40917,"date":"2025-09-11T17:35:58","date_gmt":"2025-09-11T17:35:58","guid":{"rendered":"https:\/\/recoveriq.app\/?page_id=40917"},"modified":"2025-09-22T21:57:41","modified_gmt":"2025-09-22T21:57:41","slug":"nouveausiq","status":"publish","type":"page","link":"https:\/\/recoveriq.app\/fr\/newsiq\/","title":{"rendered":"NewsIQ"},"content":{"rendered":"<div data-elementor-type=\"wp-page\" data-elementor-id=\"40917\" class=\"elementor elementor-40917\" data-elementor-post-type=\"page\">\n\t\t\t\t<div class=\"elementor-element elementor-element-9404d12 e-flex e-con-boxed e-con e-parent\" data-id=\"9404d12\" data-element_type=\"container\" data-e-type=\"container\" data-settings=\"{&quot;background_background&quot;:&quot;classic&quot;}\">\n\t\t\t\t\t<div class=\"e-con-inner\">\n\t\t<div class=\"elementor-element elementor-element-1ac6069 e-con-full e-flex e-con e-child\" data-id=\"1ac6069\" data-element_type=\"container\" data-e-type=\"container\">\n\t\t\t\t<div class=\"elementor-element elementor-element-18a9172 elementor-widget elementor-widget-heading\" data-id=\"18a9172\" data-element_type=\"widget\" data-e-type=\"widget\" data-widget_type=\"heading.default\">\n\t\t\t\t<div class=\"elementor-widget-container\">\n\t\t\t\t\t<h2 class=\"elementor-heading-title elementor-size-default\">NewsIQ<\/h2>\t\t\t\t<\/div>\n\t\t\t\t<\/div>\n\t\t\t\t<\/div>\n\t\t\t\t\t<\/div>\n\t\t\t\t<\/div>\n\t\t<div class=\"elementor-element elementor-element-4086082 e-flex e-con-boxed e-con e-parent\" data-id=\"4086082\" data-element_type=\"container\" data-e-type=\"container\">\n\t\t\t\t\t<div class=\"e-con-inner\">\n\t\t\t\t<div class=\"elementor-element elementor-element-e963e89 elementor-widget elementor-widget-heading\" data-id=\"e963e89\" data-element_type=\"widget\" data-e-type=\"widget\" data-widget_type=\"heading.default\">\n\t\t\t\t<div class=\"elementor-widget-container\">\n\t\t\t\t\t<h2 class=\"elementor-heading-title elementor-size-default\">RecoverIQ dans les m\u00e9dias<\/h2>\t\t\t\t<\/div>\n\t\t\t\t<\/div>\n\t\t\t\t<div class=\"elementor-element elementor-element-30ce4f3 elementor-widget-divider--view-line elementor-widget elementor-widget-divider\" data-id=\"30ce4f3\" data-element_type=\"widget\" data-e-type=\"widget\" data-widget_type=\"divider.default\">\n\t\t\t\t<div class=\"elementor-widget-container\">\n\t\t\t\t\t\t\t<div class=\"elementor-divider\">\n\t\t\t<span class=\"elementor-divider-separator\">\n\t\t\t\t\t\t<\/span>\n\t\t<\/div>\n\t\t\t\t\t\t<\/div>\n\t\t\t\t<\/div>\n\t\t\t\t\t<\/div>\n\t\t\t\t<\/div>\n\t\t<div class=\"elementor-element elementor-element-c61bc1f e-grid e-con-boxed e-con e-parent\" data-id=\"c61bc1f\" data-element_type=\"container\" data-e-type=\"container\">\n\t\t\t\t\t<div class=\"e-con-inner\">\n\t\t\t\t<div class=\"elementor-element elementor-element-61856ee elementor-position-top elementor-widget elementor-widget-image-box\" data-id=\"61856ee\" data-element_type=\"widget\" data-e-type=\"widget\" data-widget_type=\"image-box.default\">\n\t\t\t\t<div class=\"elementor-widget-container\">\n\t\t\t\t\t<div class=\"elementor-image-box-wrapper\"><figure class=\"elementor-image-box-img\"><a href=\"\/wp-content\/uploads\/2025\/09\/updated-092025-RecoverIQ_News_Release.pdf\" target=\"_blank\" tabindex=\"-1\"><img decoding=\"async\" src=\"https:\/\/recoveriq.app\/wp-content\/uploads\/elementor\/thumbs\/Press-Release-rc5dtt2cws3lckumgod3wh7gagrf1f8m4pnd3mascg.png\" title=\"Communiqu\u00e9 de presse\" alt=\"Communiqu\u00e9 de presse\" loading=\"lazy\" \/><\/a><\/figure><div class=\"elementor-image-box-content\"><h3 class=\"elementor-image-box-title\"><a href=\"\/wp-content\/uploads\/2025\/09\/updated-092025-RecoverIQ_News_Release.pdf\" target=\"_blank\">Une entreprise bas\u00e9e aux \u00c9tats-Unis se lance dans le monde entier en ligne, septembre 2025<\/a><\/h3><p class=\"elementor-image-box-description\">RecoverIQ.app lance la premi\u00e8re plateforme de r\u00e9tablissement multilingue, aliment\u00e9e par l'IA, avec une IA parlante, un syst\u00e8me de r\u00e9compense et un mouvement mondial en phase avec le mois national du r\u00e9tablissement.<\/p><\/div><\/div>\t\t\t\t<\/div>\n\t\t\t\t<\/div>\n\t\t\t\t<div class=\"elementor-element elementor-element-78f4159 elementor-position-top elementor-widget elementor-widget-image-box\" data-id=\"78f4159\" data-element_type=\"widget\" data-e-type=\"widget\" data-widget_type=\"image-box.default\">\n\t\t\t\t<div class=\"elementor-widget-container\">\n\t\t\t\t\t<div class=\"elementor-image-box-wrapper\"><figure class=\"elementor-image-box-img\"><a href=\"https:\/\/recoveriq.app\/wp-content\/uploads\/2025\/09\/OFFICIAL-GENERAL-WHITELABEL-INTRO-LETTER-092225.pdf\" target=\"_blank\" tabindex=\"-1\"><img decoding=\"async\" src=\"https:\/\/recoveriq.app\/wp-content\/uploads\/elementor\/thumbs\/White-Label-Opportunity-rc5fhfxqidqhxy868gd03fg92itre3zjnvod7lvlkw.png\" title=\"Opportunit\u00e9 de marque blanche\" alt=\"Opportunit\u00e9 de marque blanche\" loading=\"lazy\" \/><\/a><\/figure><div class=\"elementor-image-box-content\"><h3 class=\"elementor-image-box-title\"><a href=\"https:\/\/recoveriq.app\/wp-content\/uploads\/2025\/09\/OFFICIAL-GENERAL-WHITELABEL-INTRO-LETTER-092225.pdf\" target=\"_blank\">Opportunit\u00e9 de partenariat en marque blanche avec l'application RecoverIQ\u2122<\/a><\/h3><p class=\"elementor-image-box-description\">Pourquoi d\u00e9penser des centaines de milliers de dollars et des ann\u00e9es de d\u00e9veloppement pour cr\u00e9er une application personnalis\u00e9e alors qu'il existe d\u00e9j\u00e0 l'application de r\u00e9cup\u00e9ration la plus avanc\u00e9e au monde ?\nune application personnalis\u00e9e alors que l'application de r\u00e9cup\u00e9ration la plus avanc\u00e9e de la plan\u00e8te existe d\u00e9j\u00e0 ?<\/p><\/div><\/div>\t\t\t\t<\/div>\n\t\t\t\t<\/div>\n\t\t\t\t<div class=\"elementor-element elementor-element-ef218df elementor-position-top elementor-widget elementor-widget-image-box\" data-id=\"ef218df\" data-element_type=\"widget\" data-e-type=\"widget\" data-widget_type=\"image-box.default\">\n\t\t\t\t<div class=\"elementor-widget-container\">\n\t\t\t\t\t<div class=\"elementor-image-box-wrapper\"><figure class=\"elementor-image-box-img\"><img decoding=\"async\" src=\"https:\/\/recoveriq.app\/wp-content\/uploads\/elementor\/thumbs\/different-print-newspapers-in-pile-isolated-on-bla-2024-11-19-19-06-41-utc-scaled-rblz7ca9ex0a07b0iqz9elz7827he0mr9gnwtb59ts.jpg\" title=\"diff\u00e9rents journaux imprim\u00e9s en pile isol\u00e9s sur noir\" alt=\"diff\u00e9rents journaux imprim\u00e9s en pile isol\u00e9s sur noir\" loading=\"lazy\" \/><\/figure><div class=\"elementor-image-box-content\"><h3 class=\"elementor-image-box-title\">Bient\u00f4t disponible<\/h3><p class=\"elementor-image-box-description\">Restez \u00e0 l'\u00e9coute pour des mises \u00e0 jour sur la couverture nationale de RecoverIQ et des t\u00e9moignages r\u00e9els.<\/p><\/div><\/div>\t\t\t\t<\/div>\n\t\t\t\t<\/div>\n\t\t\t\t\t<\/div>\n\t\t\t\t<\/div>\n\t\t<div class=\"elementor-element elementor-element-dcba63a e-flex e-con-boxed e-con e-parent\" data-id=\"dcba63a\" data-element_type=\"container\" data-e-type=\"container\">\n\t\t\t\t\t<div class=\"e-con-inner\">\n\t\t\t\t<div class=\"elementor-element elementor-element-1f9ed10 elementor-widget elementor-widget-heading\" data-id=\"1f9ed10\" data-element_type=\"widget\" data-e-type=\"widget\" data-widget_type=\"heading.default\">\n\t\t\t\t<div class=\"elementor-widget-container\">\n\t\t\t\t\t<h2 class=\"elementor-heading-title elementor-size-default\">Nouvelles de RecoverIQ<\/h2>\t\t\t\t<\/div>\n\t\t\t\t<\/div>\n\t\t\t\t<div class=\"elementor-element elementor-element-647b494 elementor-widget-divider--view-line elementor-widget elementor-widget-divider\" data-id=\"647b494\" data-element_type=\"widget\" data-e-type=\"widget\" data-widget_type=\"divider.default\">\n\t\t\t\t<div class=\"elementor-widget-container\">\n\t\t\t\t\t\t\t<div class=\"elementor-divider\">\n\t\t\t<span class=\"elementor-divider-separator\">\n\t\t\t\t\t\t<\/span>\n\t\t<\/div>\n\t\t\t\t\t\t<\/div>\n\t\t\t\t<\/div>\n\t\t\t\t\t<\/div>\n\t\t\t\t<\/div>\n\t\t\t\t<\/div>","protected":false},"excerpt":{"rendered":"<p>NewsIQ RecoverIQ in the News and Media U.S.-Based Company Launches Globally Online, September 2025 RecoverIQ.app Launches World\u2019s First Multilingual, AI-Powered Recovery Platform with Talking AI, Reward System, and Global Movement [&hellip;]<\/p>\n","protected":false},"author":8,"featured_media":0,"parent":0,"menu_order":0,"comment_status":"closed","ping_status":"closed","template":"","meta":{"_acf_changed":false,"_uag_custom_page_level_css":"","site-sidebar-layout":"no-sidebar","site-content-layout":"page-builder","ast-site-content-layout":"full-width-container","site-content-style":"default","site-sidebar-style":"default","ast-global-header-display":"","ast-banner-title-visibility":"","ast-main-header-display":"","ast-hfb-above-header-display":"","ast-hfb-below-header-display":"","ast-hfb-mobile-header-display":"","site-post-title":"disabled","ast-breadcrumbs-content":"","ast-featured-img":"disabled","footer-sml-layout":"","ast-disable-related-posts":"","theme-transparent-header-meta":"","adv-header-id-meta":"","stick-header-meta":"","header-above-stick-meta":"","header-main-stick-meta":"","header-below-stick-meta":"","astra-migrate-meta-layouts":"set","ast-page-background-enabled":"default","ast-page-background-meta":{"desktop":{"background-color":"","background-image":"","background-repeat":"repeat","background-position":"center center","background-size":"auto","background-attachment":"scroll","background-type":"","background-media":"","overlay-type":"","overlay-color":"","overlay-opacity":"","overlay-gradient":""},"tablet":{"background-color":"","background-image":"","background-repeat":"repeat","background-position":"center center","background-size":"auto","background-attachment":"scroll","background-type":"","background-media":"","overlay-type":"","overlay-color":"","overlay-opacity":"","overlay-gradient":""},"mobile":{"background-color":"","background-image":"","background-repeat":"repeat","background-position":"center center","background-size":"auto","background-attachment":"scroll","background-type":"","background-media":"","overlay-type":"","overlay-color":"","overlay-opacity":"","overlay-gradient":""}},"ast-content-background-meta":{"desktop":{"background-color":"var(--ast-global-color-5)","background-image":"","background-repeat":"repeat","background-position":"center center","background-size":"auto","background-attachment":"scroll","background-type":"","background-media":"","overlay-type":"","overlay-color":"","overlay-opacity":"","overlay-gradient":""},"tablet":{"background-color":"var(--ast-global-color-5)","background-image":"","background-repeat":"repeat","background-position":"center center","background-size":"auto","background-attachment":"scroll","background-type":"","background-media":"","overlay-type":"","overlay-color":"","overlay-opacity":"","overlay-gradient":""},"mobile":{"background-color":"var(--ast-global-color-5)","background-image":"","background-repeat":"repeat","background-position":"center center","background-size":"auto","background-attachment":"scroll","background-type":"","background-media":"","overlay-type":"","overlay-color":"","overlay-opacity":"","overlay-gradient":""}},"_price":"","_stock":"","_tribe_ticket_header":"","_tribe_default_ticket_provider":"","_tribe_ticket_capacity":"0","_ticket_start_date":"","_ticket_end_date":"","_tribe_ticket_show_description":"","_tribe_ticket_show_not_going":false,"_tribe_ticket_use_global_stock":"","_tribe_ticket_global_stock_level":"","_global_stock_mode":"","_global_stock_cap":"","_tribe_rsvp_for_event":"","_tribe_ticket_going_count":"","_tribe_ticket_not_going_count":"","_tribe_tickets_list":"[]","_tribe_ticket_has_attendee_info_fields":false,"footnotes":"","_tec_slr_enabled":"","_tec_slr_layout":""},"categories":[],"tags":[],"class_list":["post-40917","page","type-page","status-publish","hentry"],"acf":[],"uagb_featured_image_src":{"full":false,"thumbnail":false,"medium":false,"medium_large":false,"large":false,"1536x1536":false,"2048x2048":false,"trp-custom-language-flag":false,"gamipress-points":false,"gamipress-achievement":false,"gamipress-rank":false,"woocommerce_thumbnail":false,"woocommerce_single":false,"woocommerce_gallery_thumbnail":false},"uagb_author_info":{"display_name":"Sabrina","author_link":"https:\/\/recoveriq.app\/fr\/author\/sabrina\/"},"uagb_comment_info":0,"uagb_excerpt":"NewsIQ RecoverIQ in the News and Media U.S.-Based Company Launches Globally Online, September 2025 RecoverIQ.app Launches World\u2019s First Multilingual, AI-Powered Recovery Platform with Talking AI, Reward System, and Global Movement [&hellip;]","ticketed":false,"_links":{"self":[{"href":"https:\/\/recoveriq.app\/fr\/wp-json\/wp\/v2\/pages\/40917","targetHints":{"allow":["GET"]}}],"collection":[{"href":"https:\/\/recoveriq.app\/fr\/wp-json\/wp\/v2\/pages"}],"about":[{"href":"https:\/\/recoveriq.app\/fr\/wp-json\/wp\/v2\/types\/page"}],"author":[{"embeddable":true,"href":"https:\/\/recoveriq.app\/fr\/wp-json\/wp\/v2\/users\/8"}],"replies":[{"embeddable":true,"href":"https:\/\/recoveriq.app\/fr\/wp-json\/wp\/v2\/comments?post=40917"}],"version-history":[{"count":49,"href":"https:\/\/recoveriq.app\/fr\/wp-json\/wp\/v2\/pages\/40917\/revisions"}],"predecessor-version":[{"id":41516,"href":"https:\/\/recoveriq.app\/fr\/wp-json\/wp\/v2\/pages\/40917\/revisions\/41516"}],"wp:attachment":[{"href":"https:\/\/recoveriq.app\/fr\/wp-json\/wp\/v2\/media?parent=40917"}],"wp:term":[{"taxonomy":"category","embeddable":true,"href":"https:\/\/recoveriq.app\/fr\/wp-json\/wp\/v2\/categories?post=40917"},{"taxonomy":"post_tag","embeddable":true,"href":"https:\/\/recoveriq.app\/fr\/wp-json\/wp\/v2\/tags?post=40917"}],"curies":[{"name":"wp","href":"https:\/\/api.w.org\/{rel}","templated":true}]}}